{"id":334,"date":"2015-01-29T14:12:55","date_gmt":"2015-01-29T14:12:55","guid":{"rendered":"http:\/\/demographie-upo.u-paris10.fr\/wordpress\/?page_id=334"},"modified":"2020-05-11T10:11:46","modified_gmt":"2020-05-11T10:11:46","slug":"liens","status":"publish","type":"page","link":"https:\/\/demographie.parisnanterre.fr\/staging\/liens\/","title":{"rendered":"Liens"},"content":{"rendered":"<h3>Universit\u00e9 Paris Nanterre<\/h3>\n<p><a href=\"http:\/\/www.u-paris10.fr\/l-universite\/ufr-de-sciences-sociales-et-administration-ssa--229812.kjsp?RH=1349255697561\">UFR &#8211; SSA<\/a><\/p>\n<p><a href=\"http:\/\/dep-socio.u-paris10.fr\/\">D\u00e9partement de Sociologie<\/a><\/p>\n<p><a href=\"http:\/\/eos.u-paris10.fr\">Ecole Doctorale &#8220;Economie, Organisations, Soci\u00e9t\u00e9&#8221;<\/a><\/p>\n<p><a href=\"http:\/\/www.mae.parisnanterre.fr\/plateforme-universitaire-de-donnees-pud\/\">Plateforme Universitaire de Donn\u00e9es de Nanterre (PUDN)<\/a><\/p>\n<h3>Centres et Instituts de Recherche<\/h3>\n<p><a href=\"http:\/\/www.cresppa.cnrs.fr\/\">Cresppa\u00a0\u00a0\u00a0 Centre de Recherches Sociologiques et Politiques de Paris\u00a0<\/a><\/p>\n<p><a href=\"http:\/\/www.gtm.cnrs.fr\/spip.php?rubrique1\">Cresppa-GTM\u00a0\u00a0\u00a0 Equipe \u00ab\u00a0Genre, Travail, Mobilit\u00e9s \u00bb<\/a><\/p>\n<p><a href=\"http:\/\/www.ceped.org\/\">Ceped\u00a0\u00a0\u00a0 Centre Population et D\u00e9veloppement <\/a><\/p>\n<p><a href=\"http:\/\/www.iheal.univ-paris3.fr\/\">Credal \u00a0\u00a0 \u00a0Centre de Recherche et de Documentation sur l&#8217;Am\u00e9rique Latine<\/a><\/p>\n<p><a href=\"http:\/\/www.ined.fr\/\">Ined \u00a0\u00a0 \u00a0Institut National d&#8217;Etudes D\u00e9mographiques<\/a><\/p>\n<p><a href=\"http:\/\/www.ird.fr\/\">IRD \u00a0\u00a0 \u00a0Institut de Recherche pour le D\u00e9veloppement<\/a><\/p>\n<h3>Autres Institutions<\/h3>\n<p><a href=\"https:\/\/www.aidelf.org\/\">Aidelf \u00a0\u00a0 \u00a0Association Internationale des D\u00e9mographes de Langue Fran\u00e7aise<\/a><\/p>\n<p><a href=\"http:\/\/www.agence-nationale-recherche.fr\/\">ANR \u00a0\u00a0 \u00a0Agence Nationale de la Recherche<\/a><\/p>\n<p><a href=\"http:\/\/www.ecolehed.fr\/\">L\u2019\u00c9cole des Hautes \u00c9tudes en D\u00e9mographie (\u00c9cole HED)\u00a0<\/a><\/p>\n<p><a href=\"https:\/\/www.ipops.fr\/\">Laboratoire iPOPs -Individus, Populations, Soci\u00e9t\u00e9s<\/a><\/p>\n<p><a href=\"http:\/\/iussp.org\/fr\/page\/whats-new\">UIESP \u00a0\u00a0 \u00a0Union Internationale pour l&#8217;Etude Scientifique de la Population<\/a><\/p>\n","protected":false},"excerpt":{"rendered":"<p>Universit\u00e9 Paris Nanterre UFR &#8211; SSA D\u00e9partement de Sociologie Ecole Doctorale &#8220;Economie, Organisations, Soci\u00e9t\u00e9&#8221; Plateforme Universitaire de Donn\u00e9es de Nanterre (PUDN) Centres et Instituts de Recherche Cresppa\u00a0\u00a0\u00a0 Centre de Recherches Sociologiques et Politiques de Paris\u00a0 Cresppa-GTM\u00a0\u00a0\u00a0 Equipe \u00ab\u00a0Genre, Travail, Mobilit\u00e9s \u00bb Ceped\u00a0\u00a0\u00a0 Centre Population et D\u00e9veloppement Credal \u00a0\u00a0 \u00a0Centre de Recherche et de Documentation sur&#8230;<\/p>\n","protected":false},"author":5,"featured_media":0,"parent":0,"menu_order":0,"comment_status":"closed","ping_status":"closed","template":"","meta":{"_kad_blocks_custom_css":"","_kad_blocks_head_custom_js":"","_kad_blocks_body_custom_js":"","_kad_blocks_footer_custom_js":"","_kad_post_transparent":"","_kad_post_title":"","_kad_post_layout":"","_kad_post_sidebar_id":"","_kad_post_content_style":"","_kad_post_vertical_padding":"","_kad_post_feature":"","_kad_post_feature_position":"","_kad_post_header":false,"_kad_post_footer":false},"featured_image_src_large":false,"author_info":{"display_name":"Aur\u00e9lien Dasr\u00e9","author_link":"https:\/\/demographie.parisnanterre.fr\/staging\/author\/aurelien-dasre\/"},"comment_info":0,"taxonomy_info":[],"_links":{"self":[{"href":"https:\/\/demographie.parisnanterre.fr\/staging\/wp-json\/wp\/v2\/pages\/334"}],"collection":[{"href":"https:\/\/demographie.parisnanterre.fr\/staging\/wp-json\/wp\/v2\/pages"}],"about":[{"href":"https:\/\/demographie.parisnanterre.fr\/staging\/wp-json\/wp\/v2\/types\/page"}],"author":[{"embeddable":true,"href":"https:\/\/demographie.parisnanterre.fr\/staging\/wp-json\/wp\/v2\/users\/5"}],"replies":[{"embeddable":true,"href":"https:\/\/demographie.parisnanterre.fr\/staging\/wp-json\/wp\/v2\/comments?post=334"}],"version-history":[{"count":6,"href":"https:\/\/demographie.parisnanterre.fr\/staging\/wp-json\/wp\/v2\/pages\/334\/revisions"}],"predecessor-version":[{"id":1480,"href":"https:\/\/demographie.parisnanterre.fr\/staging\/wp-json\/wp\/v2\/pages\/334\/revisions\/1480"}],"wp:attachment":[{"href":"https:\/\/demographie.parisnanterre.fr\/staging\/wp-json\/wp\/v2\/media?parent=334"}],"curies":[{"name":"wp","href":"https:\/\/api.w.org\/{rel}","templated":true}]}}