{"id":231,"date":"2020-05-08T15:17:56","date_gmt":"2020-05-08T15:17:56","guid":{"rendered":"http:\/\/demographie-upo.u-paris10.fr\/wordpress\/?page_id=231"},"modified":"2023-01-26T16:05:29","modified_gmt":"2023-01-26T16:05:29","slug":"contact-2","status":"publish","type":"page","link":"https:\/\/demographie.parisnanterre.fr\/staging\/contact-2\/","title":{"rendered":"Nous contacter"},"content":{"rendered":"<style id=\"kb-column_d15e8e-f3\">.kadence-column_d15e8e-f3 > .kt-inside-inner-col{padding-top:10px;padding-bottom:0px;padding-left:10px;padding-right:10px;}.wp-block-kadence-column.kadence-column_d15e8e-f3 > .kt-inside-inner-col{margin-top:0px;margin-bottom:0px;margin-right:0px;margin-left:0px;}.kadence-column_d15e8e-f3 > .kt-inside-inner-col{background-image:url('https:\/\/demographie.parisnanterre.fr\/staging\/wp-content\/uploads\/2022\/10\/page_head_bg.png');background-size:auto;background-position:50% 0%;background-attachment:scroll;background-repeat:no-repeat;}@media all and (max-width: 1024px){.kadence-column_d15e8e-f3 > .kt-inside-inner-col{padding-top:90px;padding-bottom:30px;padding-left:30px;padding-right:30px;}}@media all and (max-width: 767px){.kadence-column_d15e8e-f3 > .kt-inside-inner-col{padding-top:60px;padding-bottom:20px;padding-left:30px;padding-right:20px;}.wp-block-kadence-column.kadence-column_d15e8e-f3 > .kt-inside-inner-col{margin-top:0px;margin-bottom:0px;margin-right:0px;margin-left:0px;}}<\/style>\n<div class=\"wp-block-kadence-column inner-column-1 kadence-column_d15e8e-f3\"><div class=\"kt-inside-inner-col\"><style id=\"kb-rowlayout_f6130b-90\">#kt-layout-id_f6130b-90 > .kt-row-column-wrap{padding-top:0px;padding-bottom:0px;}<\/style>\n<div class=\"wp-block-kadence-rowlayout alignnone\"><div id=\"kt-layout-id_f6130b-90\" class=\"kt-row-layout-inner kt-layout-id_f6130b-90\"><div class=\"kt-row-column-wrap kt-has-2-columns kt-gutter-default kt-v-gutter-default kt-row-valign-top kt-row-layout-left-golden kt-tab-layout-inherit kt-m-colapse-left-to-right kt-mobile-layout-row\">\n<div class=\"wp-block-kadence-column inner-column-1 kadence-column_bff66b-8e\"><div class=\"kt-inside-inner-col\"><style id=\"kb-advancedheading_afe8b2-22\">#kt-adv-heading_afe8b2-22, #kt-adv-heading_afe8b2-22 .wp-block-kadence-advancedheading, .wp-block-kadence-advancedheading.kt-adv-heading_afe8b2-22[data-kb-block=\"kb-adv-heading_afe8b2-22\"], .kadence-advanced-heading-wrapper .kt-adv-heading_afe8b2-22[data-kb-block=\"kb-adv-heading_afe8b2-22\"]{font-size:31px;}<\/style>\n<h1 class=\"kt-adv-heading_afe8b2-22 wp-block-kadence-advancedheading\" data-kb-block=\"kb-adv-heading_afe8b2-22\">Contactez-nous !<\/h1>\n\n\n\n<blockquote class=\"wp-block-quote is-style-default\">\n<p>Si vous avez besoin de davantage d&#8217;informations remplissez le <br>formulaire ci-dessous ou contactez-nous par l&#8217;un de nos secr\u00e9tariats.<\/p>\n\n\n\n<p>Nous restons \u00e0 votre disposition pour r\u00e9pondre \u00e0 toutes vos questions !<br><\/p>\n<\/blockquote>\n<\/div><\/div>\n\n\n\n<div class=\"wp-block-kadence-column inner-column-2 kadence-column_ada837-44\"><div class=\"kt-inside-inner-col\"><\/div><\/div>\n<\/div><\/div><\/div>\n<\/div><\/div>\n\n\n<style id=\"kb-rowlayout_ce5840-e1\">#kt-layout-id_ce5840-e1 > .kt-row-column-wrap.kb-theme-content-width{max-width:1290px;}.kt-layout-id_ce5840-e1 > .kb-theme-content-width{padding-left:var(--global-content-edge-padding);padding-right:var(--global-content-edge-padding);}#kt-layout-id_ce5840-e1 > .kt-row-column-wrap{padding-top:41px;padding-bottom:40px;}<\/style>\n<div class=\"wp-block-kadence-rowlayout alignnone\"><div id=\"kt-layout-id_ce5840-e1\" class=\"kt-row-layout-inner kt-layout-id_ce5840-e1\"><div class=\"kt-row-column-wrap kt-has-2-columns kt-gutter-widest kt-v-gutter-default kt-row-valign-top kt-row-layout-equal kt-tab-layout-inherit kt-m-colapse-left-to-right kt-mobile-layout-row kb-theme-content-width\">\n<div class=\"wp-block-kadence-column inner-column-1 kadence-column_960a52-ba\"><div class=\"kt-inside-inner-col\"><style id=\"kb-advancedheading_0bb455-52\">#kt-adv-heading_0bb455-52, #kt-adv-heading_0bb455-52 .wp-block-kadence-advancedheading, .wp-block-kadence-advancedheading.kt-adv-heading_0bb455-52[data-kb-block=\"kb-adv-heading_0bb455-52\"], .kadence-advanced-heading-wrapper .kt-adv-heading_0bb455-52[data-kb-block=\"kb-adv-heading_0bb455-52\"]{font-weight:300;}<\/style>\n<h2 class=\"kt-adv-heading_0bb455-52 wp-block-kadence-advancedheading\" data-kb-block=\"kb-adv-heading_0bb455-52\">Vous pouvez nous contacter via le formulaire<\/h2>\n\n\n<style id=\"kb-form_3aad36-8f\">.kadence-form-_3aad36-8f .kb-form .kadence-blocks-form-field .kb-forms-submit {}.kadence-form-_3aad36-8f .kb-form .kadence-blocks-form-field .kb-forms-submit:hover, .kadence-form-_3aad36-8f .kb-form .kadence-blocks-form-field .kb-forms-submit:focus  {}.kadence-form-_3aad36-8f .kb-form .kadence-blocks-form-field .kb-forms-submit {letter-spacing:1.5px;text-transform:uppercase;}<\/style>\n<div class=\"wp-block-kadence-form kadence-form-_3aad36-8f kb-form-wrap\"><form class=\"kb-form\" action=\"\" method=\"post\"><div class=\"kadence-blocks-form-field kb-field-desk-width-100 kb-input-size-standard\"><input name=\"kb_field_0\" id=\"kb_field__3aad36-8f_0\" data-label=\"Votre nom\" type=\"text\" placeholder=\"Votre nom\" value=\"\" data-type=\"text\" class=\"kb-field kb-text-style-field kb-text-field kb-field-0\" data-required=\"yes\"\/><\/div><div class=\"kadence-blocks-form-field kb-form-field-1 kb-field-desk-width-100 kb-input-size-standard\"><input name=\"kb_field_1\" id=\"kb_field__3aad36-8f_1\" data-label=\"Votre Email\" type=\"email\" placeholder=\"Votre Email\" value=\"\" data-type=\"email\" class=\"kb-field kb-text-style-field kb-email-field kb-field-1\" data-required=\"yes\"\/><\/div><div class=\"kadence-blocks-form-field kb-form-field-2 kb-field-desk-width-100 kb-input-size-standard\"><textarea name=\"kb_field_2\" id=\"kb_field__3aad36-8f_2\" data-label=\"Message\" type=\"textarea\" placeholder=\"Message...\" data-type=\"textarea\" class=\"kb-field kb-text-style-field kb-textarea-field kb-field-2\" rows=\"4\" data-required=\"yes\"><\/textarea><\/div><input type=\"hidden\" name=\"_kb_form_id\" value=\"_3aad36-8f\"\/><input type=\"hidden\" name=\"_kb_form_post_id\" value=\"231\"\/><input type=\"hidden\" name=\"action\" value=\"kb_process_ajax_submit\"\/><input class=\"kadence-blocks-field verify\" type=\"text\" name=\"_kb_verify_email\" autocomplete=\"off\" aria-hidden=\"true\" placeholder=\"Email\" tabindex=\"-1\"\/><div class=\"kadence-blocks-form-field kb-submit-field kb-field-desk-width-100\"><button class=\"kb-forms-submit button kb-button-size-standard kb-button-width-auto\">Envoyer<\/button><\/div><\/form><\/div>\n<\/div><\/div>\n\n\n\n<div class=\"wp-block-kadence-column inner-column-2 kadence-column_3a6ad3-db\"><div class=\"kt-inside-inner-col\">\n<div style=\"height:10px\" aria-hidden=\"true\" class=\"wp-block-spacer\"><\/div>\n\n\n<style id=\"kb-advancedheading_42f34a-a4\">#kt-adv-heading_42f34a-a4, #kt-adv-heading_42f34a-a4 .wp-block-kadence-advancedheading, .wp-block-kadence-advancedheading.kt-adv-heading_42f34a-a4[data-kb-block=\"kb-adv-heading_42f34a-a4\"], .kadence-advanced-heading-wrapper .kt-adv-heading_42f34a-a4[data-kb-block=\"kb-adv-heading_42f34a-a4\"]{font-size:18px;font-weight:500;text-transform:uppercase;letter-spacing:1px;}<\/style>\n<h5 class=\"kt-adv-heading_42f34a-a4 wp-block-kadence-advancedheading\" data-kb-block=\"kb-adv-heading_42f34a-a4\">Les secr\u00e9tariats<\/h5>\n\n\n\n<h6>Secr\u00e9tariat Licence (L1 L2 L3) Mme S. Thomas<\/h6>\n\n\n<style id=\"kt-blocks_c5b69a-5e\">.wp-block-kadence-iconlist.kt-svg-icon-list-items_c5b69a-5e:not(.this-stops-third-party-issues) {margin-top:0}.wp-block-kadence-iconlist.kt-svg-icon-list-items_c5b69a-5e ul.kt-svg-icon-list {margin:0px 0px 10px 0px;}.kt-svg-icon-list-items_c5b69a-5e ul.kt-svg-icon-list .kt-svg-icon-list-item-wrap, .kt-svg-icon-list-items_c5b69a-5e ul.kt-svg-icon-list .kt-svg-icon-list-item-wrap a {color:var(--global-palette6, #718096);font-size:12px;line-height:20px;letter-spacing:0.5px;}<\/style>\n<div class=\"wp-block-kadence-iconlist kt-svg-icon-list-items kt-svg-icon-list-items_c5b69a-5e kt-svg-icon-list-columns-1 alignnone\"><ul class=\"kt-svg-icon-list\"><li class=\"kt-svg-icon-list-style-stacked kt-svg-icon-list-item-wrap kt-svg-icon-list-item-0 kt-svg-icon-list-level-undefined\"><div style=\"display:inline-flex;justify-content:center;align-items:center;color:var(--global-palette6);padding:5px;border-width:1px\" class=\"kt-svg-icon-list-single kt-svg-icon-list-single-fe_mail\"><svg style=\"display:inline-block;vertical-align:middle\" viewBox=\"0 0 24 24\" height=\"20\" width=\"20\" fill=\"none\" stroke=\"currentColor\" xmlns=\"http:\/\/www.w3.org\/2000\/svg\" stroke-width=\"2\" stroke-linecap=\"round\" stroke-linejoin=\"round\" aria-hidden=\"true\"><path d=\"M4 4h16c1.1 0 2 .9 2 2v12c0 1.1-.9 2-2 2H4c-1.1 0-2-.9-2-2V6c0-1.1.9-2 2-2z\"><\/path><polyline points=\"22,6 12,13 2,6\"><\/polyline><\/svg><\/div><span class=\"kt-svg-icon-list-text\"><a href=\"mailto:cen.tessy@parisnanterre.fr\"><a href=\"mailto:dmottier@parisnanterre.fr\">sophie.thomas@parisnanterre.fr<\/a><\/a><\/span><\/li><li class=\"kt-svg-icon-list-style-stacked kt-svg-icon-list-item-wrap kt-svg-icon-list-item-1 kt-svg-icon-list-level-undefined\"><div style=\"display:inline-flex;justify-content:center;align-items:center;color:var(--global-palette6);padding:5px;border-width:1px\" class=\"kt-svg-icon-list-single kt-svg-icon-list-single-fe_phoneCall\"><svg style=\"display:inline-block;vertical-align:middle\" viewBox=\"0 0 24 24\" height=\"20\" width=\"20\" fill=\"none\" stroke=\"currentColor\" xmlns=\"http:\/\/www.w3.org\/2000\/svg\" stroke-width=\"2\" stroke-linecap=\"round\" stroke-linejoin=\"round\" aria-hidden=\"true\"><path d=\"M15.05 5A5 5 0 0 1 19 8.95M15.05 1A9 9 0 0 1 23 8.94m-1 7.98v3a2 2 0 0 1-2.18 2 19.79 19.79 0 0 1-8.63-3.07 19.5 19.5 0 0 1-6-6 19.79 19.79 0 0 1-3.07-8.67A2 2 0 0 1 4.11 2h3a2 2 0 0 1 2 1.72 12.84 12.84 0 0 0 .7 2.81 2 2 0 0 1-.45 2.11L8.09 9.91a16 16 0 0 0 6 6l1.27-1.27a2 2 0 0 1 2.11-.45 12.84 12.84 0 0 0 2.81.7A2 2 0 0 1 22 16.92z\"><\/path><\/svg><\/div><span class=\"kt-svg-icon-list-text\">t\u00e9l : 01 40 97 75 09<\/span><\/li><li class=\"kt-svg-icon-list-style-stacked kt-svg-icon-list-item-wrap kt-svg-icon-list-item-2 kt-svg-icon-list-level-0\"><div style=\"display:inline-flex;justify-content:center;align-items:center;color:var(--global-palette6);padding:5px;border-width:1px\" class=\"kt-svg-icon-list-single kt-svg-icon-list-single-fe_mapPin\"><svg style=\"display:inline-block;vertical-align:middle\" viewBox=\"0 0 24 24\" height=\"20\" width=\"20\" fill=\"none\" stroke=\"currentColor\" xmlns=\"http:\/\/www.w3.org\/2000\/svg\" stroke-width=\"2\" stroke-linecap=\"round\" stroke-linejoin=\"round\" aria-hidden=\"true\"><path d=\"M21 10c0 7-9 13-9 13s-9-6-9-13a9 9 0 0 1 18 0z\"><\/path><circle cx=\"12\" cy=\"10\" r=\"3\"><\/circle><\/svg><\/div><span class=\"kt-svg-icon-list-text\"><em>B\u00e2timent D Bureau D 212 B<\/em><\/span><\/li><\/ul><\/div>\n\n\n\n<h6>Secr\u00e9tariat Master 1 &amp; 2 M. Romain Jean-No\u00ebl<\/h6>\n\n\n<style id=\"kt-blocks_6bb225-b2\">.wp-block-kadence-iconlist.kt-svg-icon-list-items_6bb225-b2:not(.this-stops-third-party-issues) {margin-top:0}.wp-block-kadence-iconlist.kt-svg-icon-list-items_6bb225-b2 ul.kt-svg-icon-list {margin:0px 0px 10px 0px;}.kt-svg-icon-list-items_6bb225-b2 ul.kt-svg-icon-list .kt-svg-icon-list-item-wrap, .kt-svg-icon-list-items_6bb225-b2 ul.kt-svg-icon-list .kt-svg-icon-list-item-wrap a {color:var(--global-palette6, #718096);font-size:12px;line-height:20px;letter-spacing:0.5px;}<\/style>\n<div class=\"wp-block-kadence-iconlist kt-svg-icon-list-items kt-svg-icon-list-items_6bb225-b2 kt-svg-icon-list-columns-1 alignnone\"><ul class=\"kt-svg-icon-list\"><li class=\"kt-svg-icon-list-style-stacked kt-svg-icon-list-item-wrap kt-svg-icon-list-item-0 kt-svg-icon-list-level-0\"><div style=\"display:inline-flex;justify-content:center;align-items:center;color:var(--global-palette6);padding:5px;border-width:1px\" class=\"kt-svg-icon-list-single kt-svg-icon-list-single-fe_mail\"><svg style=\"display:inline-block;vertical-align:middle\" viewBox=\"0 0 24 24\" height=\"20\" width=\"20\" fill=\"none\" stroke=\"currentColor\" xmlns=\"http:\/\/www.w3.org\/2000\/svg\" stroke-width=\"2\" stroke-linecap=\"round\" stroke-linejoin=\"round\" aria-hidden=\"true\"><path d=\"M4 4h16c1.1 0 2 .9 2 2v12c0 1.1-.9 2-2 2H4c-1.1 0-2-.9-2-2V6c0-1.1.9-2 2-2z\"><\/path><polyline points=\"22,6 12,13 2,6\"><\/polyline><\/svg><\/div><span class=\"kt-svg-icon-list-text\">romain.jn@parisnanterre.fr<\/span><\/li><li class=\"kt-svg-icon-list-style-stacked kt-svg-icon-list-item-wrap kt-svg-icon-list-item-1 kt-svg-icon-list-level-0\"><div style=\"display:inline-flex;justify-content:center;align-items:center;color:var(--global-palette6);padding:5px;border-width:1px\" class=\"kt-svg-icon-list-single kt-svg-icon-list-single-fe_phoneCall\"><svg style=\"display:inline-block;vertical-align:middle\" viewBox=\"0 0 24 24\" height=\"20\" width=\"20\" fill=\"none\" stroke=\"currentColor\" xmlns=\"http:\/\/www.w3.org\/2000\/svg\" stroke-width=\"2\" stroke-linecap=\"round\" stroke-linejoin=\"round\" aria-hidden=\"true\"><path d=\"M15.05 5A5 5 0 0 1 19 8.95M15.05 1A9 9 0 0 1 23 8.94m-1 7.98v3a2 2 0 0 1-2.18 2 19.79 19.79 0 0 1-8.63-3.07 19.5 19.5 0 0 1-6-6 19.79 19.79 0 0 1-3.07-8.67A2 2 0 0 1 4.11 2h3a2 2 0 0 1 2 1.72 12.84 12.84 0 0 0 .7 2.81 2 2 0 0 1-.45 2.11L8.09 9.91a16 16 0 0 0 6 6l1.27-1.27a2 2 0 0 1 2.11-.45 12.84 12.84 0 0 0 2.81.7A2 2 0 0 1 22 16.92z\"><\/path><\/svg><\/div><span class=\"kt-svg-icon-list-text\">t\u00e9l : 01 40 97 58 44<\/span><\/li><li class=\"kt-svg-icon-list-style-stacked kt-svg-icon-list-item-wrap kt-svg-icon-list-item-2 kt-svg-icon-list-level-0\"><div style=\"display:inline-flex;justify-content:center;align-items:center;color:var(--global-palette6);padding:5px;border-width:1px\" class=\"kt-svg-icon-list-single kt-svg-icon-list-single-fe_mapPin\"><svg style=\"display:inline-block;vertical-align:middle\" viewBox=\"0 0 24 24\" height=\"20\" width=\"20\" fill=\"none\" stroke=\"currentColor\" xmlns=\"http:\/\/www.w3.org\/2000\/svg\" stroke-width=\"2\" stroke-linecap=\"round\" stroke-linejoin=\"round\" aria-hidden=\"true\"><path d=\"M21 10c0 7-9 13-9 13s-9-6-9-13a9 9 0 0 1 18 0z\"><\/path><circle cx=\"12\" cy=\"10\" r=\"3\"><\/circle><\/svg><\/div><span class=\"kt-svg-icon-list-text\"><em>B\u00e2timent D Bureau D 212 B<\/em><\/span><\/li><\/ul><\/div>\n\n\n<style id=\"kb-advancedheading_142cbe-fe\">#kt-adv-heading_142cbe-fe, #kt-adv-heading_142cbe-fe .wp-block-kadence-advancedheading, .wp-block-kadence-advancedheading.kt-adv-heading_142cbe-fe[data-kb-block=\"kb-adv-heading_142cbe-fe\"], .kadence-advanced-heading-wrapper .kt-adv-heading_142cbe-fe[data-kb-block=\"kb-adv-heading_142cbe-fe\"]{font-size:18px;font-weight:500;text-transform:uppercase;letter-spacing:1px;}<\/style>\n<h5 class=\"kt-adv-heading_142cbe-fe wp-block-kadence-advancedheading\" data-kb-block=\"kb-adv-heading_142cbe-fe\">Secr\u00e9tariat \u00c9cole doctorale \u00ab&nbsp;\u00c9conomie, Organisations, Soci\u00e9t\u00e9&nbsp;\u00bb Mme I. Tripet<\/h5>\n\n\n<style id=\"kt-blocks_ad11e7-e7\">.wp-block-kadence-iconlist.kt-svg-icon-list-items_ad11e7-e7:not(.this-stops-third-party-issues) {margin-top:0}.wp-block-kadence-iconlist.kt-svg-icon-list-items_ad11e7-e7 ul.kt-svg-icon-list {margin:0px 0px 10px 0px;}.kt-svg-icon-list-items_ad11e7-e7 ul.kt-svg-icon-list .kt-svg-icon-list-item-wrap, .kt-svg-icon-list-items_ad11e7-e7 ul.kt-svg-icon-list .kt-svg-icon-list-item-wrap a {color:var(--global-palette6, #718096);font-size:12px;line-height:20px;letter-spacing:0.5px;}<\/style>\n<div class=\"wp-block-kadence-iconlist kt-svg-icon-list-items kt-svg-icon-list-items_ad11e7-e7 kt-svg-icon-list-columns-1 alignnone\"><ul class=\"kt-svg-icon-list\"><li class=\"kt-svg-icon-list-style-stacked kt-svg-icon-list-item-wrap kt-svg-icon-list-item-0 kt-svg-icon-list-level-0\"><div style=\"display:inline-flex;justify-content:center;align-items:center;color:var(--global-palette6);padding:5px;border-width:1px\" class=\"kt-svg-icon-list-single kt-svg-icon-list-single-fe_mail\"><svg style=\"display:inline-block;vertical-align:middle\" viewBox=\"0 0 24 24\" height=\"20\" width=\"20\" fill=\"none\" stroke=\"currentColor\" xmlns=\"http:\/\/www.w3.org\/2000\/svg\" stroke-width=\"2\" stroke-linecap=\"round\" stroke-linejoin=\"round\" aria-hidden=\"true\"><path d=\"M4 4h16c1.1 0 2 .9 2 2v12c0 1.1-.9 2-2 2H4c-1.1 0-2-.9-2-2V6c0-1.1.9-2 2-2z\"><\/path><polyline points=\"22,6 12,13 2,6\"><\/polyline><\/svg><\/div><span class=\"kt-svg-icon-list-text\">itripet@parisnanterre.fr<\/span><\/li><li class=\"kt-svg-icon-list-style-stacked kt-svg-icon-list-item-wrap kt-svg-icon-list-item-1 kt-svg-icon-list-level-0\"><div style=\"display:inline-flex;justify-content:center;align-items:center;color:var(--global-palette6);padding:5px;border-width:1px\" class=\"kt-svg-icon-list-single kt-svg-icon-list-single-fe_phoneCall\"><svg style=\"display:inline-block;vertical-align:middle\" viewBox=\"0 0 24 24\" height=\"20\" width=\"20\" fill=\"none\" stroke=\"currentColor\" xmlns=\"http:\/\/www.w3.org\/2000\/svg\" stroke-width=\"2\" stroke-linecap=\"round\" stroke-linejoin=\"round\" aria-hidden=\"true\"><path d=\"M15.05 5A5 5 0 0 1 19 8.95M15.05 1A9 9 0 0 1 23 8.94m-1 7.98v3a2 2 0 0 1-2.18 2 19.79 19.79 0 0 1-8.63-3.07 19.5 19.5 0 0 1-6-6 19.79 19.79 0 0 1-3.07-8.67A2 2 0 0 1 4.11 2h3a2 2 0 0 1 2 1.72 12.84 12.84 0 0 0 .7 2.81 2 2 0 0 1-.45 2.11L8.09 9.91a16 16 0 0 0 6 6l1.27-1.27a2 2 0 0 1 2.11-.45 12.84 12.84 0 0 0 2.81.7A2 2 0 0 1 22 16.92z\"><\/path><\/svg><\/div><span class=\"kt-svg-icon-list-text\">t\u00e9l : 01 40 97 41 29<\/span><\/li><li class=\"kt-svg-icon-list-style-stacked kt-svg-icon-list-item-wrap kt-svg-icon-list-item-2 kt-svg-icon-list-level-0\"><div style=\"display:inline-flex;justify-content:center;align-items:center;color:var(--global-palette6);padding:5px;border-width:1px\" class=\"kt-svg-icon-list-single kt-svg-icon-list-single-fe_mapPin\"><svg style=\"display:inline-block;vertical-align:middle\" viewBox=\"0 0 24 24\" height=\"20\" width=\"20\" fill=\"none\" stroke=\"currentColor\" xmlns=\"http:\/\/www.w3.org\/2000\/svg\" stroke-width=\"2\" stroke-linecap=\"round\" stroke-linejoin=\"round\" aria-hidden=\"true\"><path d=\"M21 10c0 7-9 13-9 13s-9-6-9-13a9 9 0 0 1 18 0z\"><\/path><circle cx=\"12\" cy=\"10\" r=\"3\"><\/circle><\/svg><\/div><span class=\"kt-svg-icon-list-text\"><em><em><em>B\u00e2timent A<\/em><\/em><\/em> Bureau A 322a, 301a<\/span><\/li><\/ul><\/div>\n<\/div><\/div>\n<\/div><\/div><\/div>\n\n\n\n<h2 class=\"kt-adv-heading_8866e1-b2 wp-block-kadence-advancedheading\" data-kb-block=\"kb-adv-heading_8866e1-b2\" data-aos=\"slide-left\"><strong>P\u00f4le D\u00e9mographie &#8211; Cresppa-GTM<\/strong><\/h2>\n\n\n\n<p>Le P\u00f4le D\u00e9mographie se situe en D-401, dans les locaux du Cresppa-GTM du site de l\u2019Universit\u00e9 Paris Nanterre dans l&#8217;UFR SSA au b\u00e2timent Lefebvre (anc. D). <strong><a rel=\"noreferrer noopener\" href=\"http:\/\/www.cresppa.cnrs.fr\/\" target=\"_blank\">Centre de Recherches Sociologiques et Politiques de Paris <\/a>(<\/strong>UMR 7217), rattach\u00e9 au CNRS, \u00e0 l&#8217;Universit\u00e9 Paris Nanterre et \u00e0 l&#8217;Universit\u00e9 Paris 8 Vincennes Saint-Denis. <\/p>\n\n\n<style id=\"kb-advancedbtn_0b2c8e-49\">.kt-btns_0b2c8e-49 .kt-btn-wrap-0{margin-right:5px;}.rtl .kt-btns_0b2c8e-49 .kt-btn-wrap-0{margin-left:5px;margin-right:0px;}.wp-block-kadence-advancedbtn.kt-btns_0b2c8e-49 .kt-btn-wrap-0 .kt-button{color:var(--global-palette9, #ffffff);background:#fa8072;border-color:#fa8072;}.wp-block-kadence-advancedbtn.kt-btns_0b2c8e-49 .kt-btn-wrap-0 .kt-button:hover, .wp-block-kadence-advancedbtn.kt-btns_0b2c8e-49 .kt-btn-wrap-0 .kt-button:focus{color:var(--global-palette9, #ffffff);border-color:var(--global-palette1, #3182CE);}.wp-block-kadence-advancedbtn.kt-btns_0b2c8e-49 .kt-btn-wrap-0 .kt-button::before{display:none;}.wp-block-kadence-advancedbtn.kt-btns_0b2c8e-49 .kt-btn-wrap-0 .kt-button:hover, .wp-block-kadence-advancedbtn.kt-btns_0b2c8e-49 .kt-btn-wrap-0 .kt-button:focus{background:var(--global-palette1, #3182CE);}<\/style>\n<div class=\"wp-block-kadence-advancedbtn kt-btn-align-center kt-btn-tablet-align-inherit kt-btn-mobile-align-inherit kt-btns-wrap kt-btns_0b2c8e-49\"><div class=\"kt-btn-wrap kt-btn-wrap-0\"><a class=\"kt-button button kt-btn-0-action kt-btn-size-standard kt-btn-style-basic kt-btn-svg-show-always kt-btn-has-text-true kt-btn-has-svg-false\" href=\"#\" target=\"_blank\" rel=\"noreferrer noopener\"><span class=\"kt-btn-inner-text\"><strong>Visitez les pages de l&#8217;\u00e9quipe Genre travail Mobilit\u00e9<\/strong><\/span><\/a><\/div><\/div>\n\n\n\n<h2>Plan de l&#8217;universit\u00e9 Paris Nanterre<\/h2>\n\n\n\n<div class=\"wp-block-file\"><object class=\"wp-block-file__embed\" data=\"https:\/\/mastercdav.parisnanterre.fr\/wp-content\/uploads\/2022\/04\/202106-PLAN_DU_CAMPUS-v07-RVB-UPN.pdf\" type=\"application\/pdf\" style=\"width:100%;height:600px\" aria-label=\"Contenu embarqu\u00e9 202106-PLAN_DU_CAMPUS-v07-RVB-UPN.\"><\/object><a id=\"wp-block-file--media-7bb57bf8-6e76-453e-aec9-4298653be285\" href=\"https:\/\/mastercdav.parisnanterre.fr\/wp-content\/uploads\/2022\/04\/202106-PLAN_DU_CAMPUS-v07-RVB-UPN.pdf\">202106-PLAN_DU_CAMPUS-v07-RVB-UPN<\/a><a href=\"https:\/\/mastercdav.parisnanterre.fr\/wp-content\/uploads\/2022\/04\/202106-PLAN_DU_CAMPUS-v07-RVB-UPN.pdf\" class=\"wp-block-file__button wp-element-button\" download aria-describedby=\"wp-block-file--media-7bb57bf8-6e76-453e-aec9-4298653be285\">T\u00e9l\u00e9charger<\/a><\/div>\n\n\n<style id=\"kb-spacer_b2bfa3-d3\">.wp-block-kadence-spacer.kt-block-spacer-_b2bfa3-d3 .kt-block-spacer{height:30px;}.wp-block-kadence-spacer.kt-block-spacer-_b2bfa3-d3 .kt-divider{width:80%;}<\/style>\n<div class=\"wp-block-kadence-spacer aligncenter kt-block-spacer-_b2bfa3-d3\"><div class=\"kt-block-spacer kt-block-spacer-halign-center\"><\/div><\/div>\n\n\n\n<h2 class=\"kt-adv-heading_b50c8e-7c wp-block-kadence-advancedheading\" data-kb-block=\"kb-adv-heading_b50c8e-7c\">Liens utiles<\/h2>\n\n\n\n<h3>Universit\u00e9 Paris Nanterre<\/h3>\n\n\n\n<p><a href=\"http:\/\/www.u-paris10.fr\/l-universite\/ufr-de-sciences-sociales-et-administration-ssa--229812.kjsp?RH=1349255697561\">UFR &#8211; SSA<\/a><\/p>\n\n\n\n<p><a href=\"http:\/\/dep-socio.u-paris10.fr\/\">D\u00e9partement de Sociologie<\/a><\/p>\n\n\n\n<p><a href=\"http:\/\/eos.u-paris10.fr\">Ecole Doctorale &#8220;Economie, Organisations, Soci\u00e9t\u00e9&#8221;<\/a><\/p>\n\n\n\n<p><a href=\"http:\/\/www.mae.parisnanterre.fr\/plateforme-universitaire-de-donnees-pud\/\">Plateforme Universitaire de Donn\u00e9es de Nanterre (PUDN)<\/a><\/p>\n\n\n\n<h3>Centres et Instituts de Recherche<\/h3>\n\n\n\n<p><a href=\"http:\/\/www.cresppa.cnrs.fr\/\">Cresppa&nbsp;&nbsp;&nbsp; Centre de Recherches Sociologiques et Politiques de Paris&nbsp;<\/a><\/p>\n\n\n\n<p><a href=\"http:\/\/www.gtm.cnrs.fr\/spip.php?rubrique1\">Cresppa-GTM&nbsp;&nbsp;&nbsp; Equipe \u00ab&nbsp;Genre, Travail, Mobilit\u00e9s \u00bb<\/a><\/p>\n\n\n\n<p><a href=\"http:\/\/www.ceped.org\/\">Ceped&nbsp;&nbsp;&nbsp; Centre Population et D\u00e9veloppement<\/a><\/p>\n\n\n\n<p><a href=\"http:\/\/www.iheal.univ-paris3.fr\/\">Credal &nbsp;&nbsp; &nbsp;Centre de Recherche et de Documentation sur l&#8217;Am\u00e9rique Latine<\/a><\/p>\n\n\n\n<p><a href=\"http:\/\/www.ined.fr\/\">Ined &nbsp;&nbsp; &nbsp;Institut National d&#8217;Etudes D\u00e9mographiques<\/a><\/p>\n\n\n\n<p><a href=\"http:\/\/www.ird.fr\/\">IRD &nbsp;&nbsp; &nbsp;Institut de Recherche pour le D\u00e9veloppement<\/a><\/p>\n\n\n\n<h3>Autres Institutions<\/h3>\n\n\n\n<p><a href=\"https:\/\/www.aidelf.org\/\">Aidelf &nbsp;&nbsp; &nbsp;Association Internationale des D\u00e9mographes de Langue Fran\u00e7aise<\/a><\/p>\n\n\n\n<p><a href=\"http:\/\/www.agence-nationale-recherche.fr\/\">ANR &nbsp;&nbsp; &nbsp;Agence Nationale de la Recherche<\/a><\/p>\n\n\n\n<p><a href=\"http:\/\/www.ecolehed.fr\/\">L\u2019\u00c9cole des Hautes \u00c9tudes en D\u00e9mographie (\u00c9cole HED)&nbsp;<\/a><\/p>\n\n\n\n<p><a href=\"https:\/\/www.ipops.fr\/\">Laboratoire iPOPs -Individus, Populations, Soci\u00e9t\u00e9s<\/a><\/p>\n\n\n\n<p><a href=\"http:\/\/iussp.org\/fr\/page\/whats-new\">UIESP &nbsp;&nbsp; &nbsp;Union Internationale pour l&#8217;Etude Scientifique de la Population<\/a><\/p>\n","protected":false},"excerpt":{"rendered":"<p>Contactez-nous ! Si vous avez besoin de davantage d&#8217;informations remplissez le formulaire ci-dessous ou contactez-nous par l&#8217;un de nos secr\u00e9tariats. Nous restons \u00e0 votre disposition pour r\u00e9pondre \u00e0 toutes vos questions ! Vous pouvez nous contacter via le formulaire Les secr\u00e9tariats Secr\u00e9tariat Licence (L1 L2 L3) Mme S. Thomas Secr\u00e9tariat Master 1 &amp; 2 M&#8230;.<\/p>\n","protected":false},"author":5,"featured_media":282,"parent":0,"menu_order":0,"comment_status":"closed","ping_status":"closed","template":"","meta":{"_kad_blocks_custom_css":"","_kad_blocks_head_custom_js":"","_kad_blocks_body_custom_js":"","_kad_blocks_footer_custom_js":"","_kad_post_transparent":"","_kad_post_title":"hide","_kad_post_layout":"normal","_kad_post_sidebar_id":"","_kad_post_content_style":"","_kad_post_vertical_padding":"","_kad_post_feature":"","_kad_post_feature_position":"","_kad_post_header":false,"_kad_post_footer":false},"featured_image_src_large":["https:\/\/demographie.parisnanterre.fr\/staging\/wp-content\/uploads\/2015\/01\/Nanterre-9-1024x768.jpg",1024,768,true],"author_info":{"display_name":"Aur\u00e9lien Dasr\u00e9","author_link":"https:\/\/demographie.parisnanterre.fr\/staging\/author\/aurelien-dasre\/"},"comment_info":0,"taxonomy_info":[],"_links":{"self":[{"href":"https:\/\/demographie.parisnanterre.fr\/staging\/wp-json\/wp\/v2\/pages\/231"}],"collection":[{"href":"https:\/\/demographie.parisnanterre.fr\/staging\/wp-json\/wp\/v2\/pages"}],"about":[{"href":"https:\/\/demographie.parisnanterre.fr\/staging\/wp-json\/wp\/v2\/types\/page"}],"author":[{"embeddable":true,"href":"https:\/\/demographie.parisnanterre.fr\/staging\/wp-json\/wp\/v2\/users\/5"}],"replies":[{"embeddable":true,"href":"https:\/\/demographie.parisnanterre.fr\/staging\/wp-json\/wp\/v2\/comments?post=231"}],"version-history":[{"count":54,"href":"https:\/\/demographie.parisnanterre.fr\/staging\/wp-json\/wp\/v2\/pages\/231\/revisions"}],"predecessor-version":[{"id":2327,"href":"https:\/\/demographie.parisnanterre.fr\/staging\/wp-json\/wp\/v2\/pages\/231\/revisions\/2327"}],"wp:featuredmedia":[{"embeddable":true,"href":"https:\/\/demographie.parisnanterre.fr\/staging\/wp-json\/wp\/v2\/media\/282"}],"wp:attachment":[{"href":"https:\/\/demographie.parisnanterre.fr\/staging\/wp-json\/wp\/v2\/media?parent=231"}],"curies":[{"name":"wp","href":"https:\/\/api.w.org\/{rel}","templated":true}]}}