{"id":133,"date":"2020-05-10T11:00:14","date_gmt":"2020-05-10T11:00:14","guid":{"rendered":"http:\/\/demographie-upo.u-paris10.fr\/wordpress\/?page_id=133"},"modified":"2023-02-03T13:22:07","modified_gmt":"2023-02-03T13:22:07","slug":"la-formation-doctorale-de-demographie","status":"publish","type":"page","link":"https:\/\/demographie.parisnanterre.fr\/staging\/test1\/la-formation-doctorale-de-demographie\/","title":{"rendered":"Un parcours professionnalisant"},"content":{"rendered":"<style id=\"kb-column_b1d3b5-21\">.kadence-column_b1d3b5-21 > .kt-inside-inner-col{padding-top:10px;padding-bottom:0px;padding-left:10px;padding-right:10px;}.wp-block-kadence-column.kadence-column_b1d3b5-21 > .kt-inside-inner-col{margin-top:0px;margin-bottom:0px;margin-right:0px;margin-left:0px;}.kadence-column_b1d3b5-21 > .kt-inside-inner-col{background-image:url('https:\/\/demographie.parisnanterre.fr\/staging\/wp-content\/uploads\/2022\/10\/page_head_bg.png');background-size:auto;background-position:50% 0%;background-attachment:scroll;background-repeat:no-repeat;}@media all and (max-width: 1024px){.kadence-column_b1d3b5-21 > .kt-inside-inner-col{padding-top:90px;padding-bottom:30px;padding-left:30px;padding-right:30px;}}@media all and (max-width: 767px){.kadence-column_b1d3b5-21 > .kt-inside-inner-col{padding-top:60px;padding-bottom:20px;padding-left:30px;padding-right:20px;}.wp-block-kadence-column.kadence-column_b1d3b5-21 > .kt-inside-inner-col{margin-top:0px;margin-bottom:0px;margin-right:0px;margin-left:0px;}}<\/style>\n<div class=\"wp-block-kadence-column inner-column-1 kadence-column_b1d3b5-21\"><div class=\"kt-inside-inner-col\"><style id=\"kb-rowlayout_b401a3-c0\">@media all and (min-width: 768px){#kt-layout-id_b401a3-c0 > .kt-row-column-wrap > .inner-column-1{flex:0 1 60%;-webkit-flex:0 1 60%;}#kt-layout-id_b401a3-c0 > .kt-row-column-wrap > .inner-column-2{flex:0 1 40%;-webkit-flex:0 1 40%;}}#kt-layout-id_b401a3-c0 > .kt-row-column-wrap{padding-top:0px;padding-bottom:0px;}<\/style>\n<div class=\"wp-block-kadence-rowlayout alignnone\"><div id=\"kt-layout-id_b401a3-c0\" class=\"kt-row-layout-inner kt-layout-id_b401a3-c0\"><div class=\"kt-row-column-wrap kt-has-2-columns kt-gutter-default kt-v-gutter-default kt-row-valign-top kt-row-layout-left-golden kt-tab-layout-inherit kt-m-colapse-left-to-right kt-mobile-layout-row  kt-custom-first-width-60  kt-custom-second-width-40\">\n<div class=\"wp-block-kadence-column inner-column-1 kadence-column_bc330f-77\"><div class=\"kt-inside-inner-col\">\n<blockquote class=\"wp-block-quote is-style-default\">\n<h2>Un parcours professionnalisant <\/h2>\n\n\n\n<p>Une formation en alternance offre la possibilit\u00e9 aux \u00e9tudiant\u00b7es de signer des contrats d\u2019alternance avec des entreprises priv\u00e9es, des associations ou des organismes publics. Ils et elles sont int\u00e9gr\u00e9\u00b7es \u00e0 l\u2019entreprise pour l\u2019ensemble de l\u2019ann\u00e9e, tout en ayant la garantie de pouvoir suivre des enseignements universitaires, et per\u00e7oivent un salaire \u00e9quivalent \u00e0 un minimum de 80\u2009% du SMIC brut.<\/p>\n\n\n\n<p><\/p>\n<\/blockquote>\n<\/div><\/div>\n\n\n\n<div class=\"wp-block-kadence-column inner-column-2 kadence-column_d26209-ee\"><div class=\"kt-inside-inner-col\"><\/div><\/div>\n<\/div><\/div><\/div>\n<\/div><\/div>\n\n\n\n<p><\/p>\n\n\n<div class=\"wp-block-image\">\n<figure class=\"alignleft size-medium\"><a href=\"https:\/\/demographie.parisnanterre.fr\/staging\/wp-content\/uploads\/2015\/01\/Montr\u00e9al-1.jpg\"><img decoding=\"async\" loading=\"lazy\" width=\"200\" height=\"300\" src=\"https:\/\/demographie.parisnanterre.fr\/staging\/wp-content\/uploads\/2015\/01\/Montr\u00e9al-1-200x300.jpg\" alt=\"\" class=\"wp-image-267\" srcset=\"https:\/\/demographie.parisnanterre.fr\/staging\/wp-content\/uploads\/2015\/01\/Montr\u00e9al-1-200x300.jpg 200w, https:\/\/demographie.parisnanterre.fr\/staging\/wp-content\/uploads\/2015\/01\/Montr\u00e9al-1.jpg 683w, https:\/\/demographie.parisnanterre.fr\/staging\/wp-content\/uploads\/2015\/01\/Montr\u00e9al-1-100x150.jpg 100w, https:\/\/demographie.parisnanterre.fr\/staging\/wp-content\/uploads\/2015\/01\/Montr\u00e9al-1-150x225.jpg 150w, https:\/\/demographie.parisnanterre.fr\/staging\/wp-content\/uploads\/2015\/01\/Montr\u00e9al-1-300x450.jpg 300w, https:\/\/demographie.parisnanterre.fr\/staging\/wp-content\/uploads\/2015\/01\/Montr\u00e9al-1-450x675.jpg 450w, https:\/\/demographie.parisnanterre.fr\/staging\/wp-content\/uploads\/2015\/01\/Montr\u00e9al-1-600x900.jpg 600w, https:\/\/demographie.parisnanterre.fr\/staging\/wp-content\/uploads\/2015\/01\/Montr\u00e9al-1-900x1350.jpg 900w\" sizes=\"(max-width: 200px) 100vw, 200px\" \/><\/a><\/figure><\/div>\n\n\n<h2><strong>L\u2019alternance a un double objectif&nbsp;:<\/strong><\/h2>\n\n\n\n<div class=\"wp-block-kadence-iconlist kt-svg-icon-list-items kt-svg-icon-list-items_105dd7-4f kt-svg-icon-list-columns-1 alignnone\"><ul class=\"kt-svg-icon-list\"><li class=\"kt-svg-icon-list-style-default kt-svg-icon-list-item-wrap kt-svg-icon-list-item-0 kt-svg-icon-list-level-0\"><div style=\"display:inline-flex;justify-content:center;align-items:center\" class=\"kt-svg-icon-list-single kt-svg-icon-list-single-fe_checkCircle\"><svg style=\"display:inline-block;vertical-align:middle\" viewBox=\"0 0 24 24\" height=\"20\" width=\"20\" fill=\"none\" stroke=\"currentColor\" xmlns=\"http:\/\/www.w3.org\/2000\/svg\" stroke-width=\"2\" stroke-linecap=\"round\" stroke-linejoin=\"round\" aria-hidden=\"true\"><path d=\"M22 11.08V12a10 10 0 1 1-5.93-9.14\"><\/path><polyline points=\"22 4 12 14.01 9 11.01\"><\/polyline><\/svg><\/div><span class=\"kt-svg-icon-list-text\">Renforcer la formation initiale des \u00e9tudiant\u00b7es par une mise en situation dans le monde du travail.<\/span><\/li><li class=\"kt-svg-icon-list-style-default kt-svg-icon-list-item-wrap kt-svg-icon-list-item-1 kt-svg-icon-list-level-0\"><div style=\"display:inline-flex;justify-content:center;align-items:center\" class=\"kt-svg-icon-list-single kt-svg-icon-list-single-fe_checkCircle\"><svg style=\"display:inline-block;vertical-align:middle\" viewBox=\"0 0 24 24\" height=\"20\" width=\"20\" fill=\"none\" stroke=\"currentColor\" xmlns=\"http:\/\/www.w3.org\/2000\/svg\" stroke-width=\"2\" stroke-linecap=\"round\" stroke-linejoin=\"round\" aria-hidden=\"true\"><path d=\"M22 11.08V12a10 10 0 1 1-5.93-9.14\"><\/path><polyline points=\"22 4 12 14.01 9 11.01\"><\/polyline><\/svg><\/div><span class=\"kt-svg-icon-list-text\">Offrir la possibilit\u00e9 d\u2019une immersion professionnelle aux \u00e9tudiant\u00b7es quelle que soit leur situation financi\u00e8re et\u00a0faciliter ainsi leur int\u00e9gration professionnelle.<\/span><\/li><\/ul><\/div>\n\n\n\n<p>Dans ce dispositif, l\u2019\u00e9tudiant\u00b7e, l\u2019universit\u00e9 (repr\u00e9sent\u00e9e par le directeur d\u2019\u00e9tudes) et l\u2019entreprise signent un contrat fixant clairement les missions, attributions et droits des diff\u00e9rentes parties.<\/p>\n\n\n\n<p>L\u2019entreprise s\u2019engage \u00e0 donner une mission pr\u00e9cise \u00e0 l\u2019alternant\u00b7e, rev\u00eatant un r\u00e9el int\u00e9r\u00eat en mati\u00e8re d\u2019apprentissage et en mont\u00e9e en comp\u00e9tences et dont les pr\u00e9requis correspondent au savoir-faire d\u2019un \u00e9tudiant en d\u00e9but de M2.<\/p>\n\n\n\n<p>L\u2019universit\u00e9 s\u2019engage \u00e0 suivre l\u2019alternant\u00b7e, notamment en assurant le suivi \u00ab&nbsp;scientifique&nbsp;\u00bb de la mission en entreprise et en continuant \u00e0 former l\u2019\u00e9tudiant\u00b7e afin de lui faire acqu\u00e9rir les comp\u00e9tences n\u00e9cessaires.<\/p>\n\n\n\n<p>L\u2019\u00e9tudiant\u00b7e enfin, r\u00e9mun\u00e9r\u00e9\u00b7e pour cela, s\u2019engage \u00e0 \u00eatre pr\u00e9sent\u00b7e dans l\u2019entreprise et \u00e0 l\u2019ensemble des enseignements universitaires.<\/p>\n\n\n\n<h2><strong>Organisation&nbsp;<\/strong>:<\/h2>\n\n\n\n<p>Au premier semestre, l\u2019\u00e9tudiant\u00b7e passe deux jours sur cinq en entreprise, ce qui lui permet de suivre l\u2019ensemble des cours dispens\u00e9s par l\u2019universit\u00e9. Au second semestre, l&#8217;\u00e9tudiant\u00b7e est quatre jours sur cinq dans l\u2019entreprise et peut suivre la journ\u00e9e de cours hebdomadaire pr\u00e9vue dans la formation.<\/p>\n\n\n\n<p>Premier semestre 2\/5 j en entreprise<br>Second semestre 4\/5 j en entreprise<\/p>\n\n\n\n<h4><strong>R\u00e9seau alternances et stages<\/strong><\/h4>\n\n\n\n<div class=\"is-layout-flex wp-container-3 wp-block-columns\">\n<div class=\"is-layout-flow wp-block-column\">\n<div class=\"wp-block-kadence-iconlist kt-svg-icon-list-items kt-svg-icon-list-items_6407b4-9a kt-svg-icon-list-columns-1 alignnone\"><ul class=\"kt-svg-icon-list\"><li class=\"kt-svg-icon-list-style-default kt-svg-icon-list-item-wrap kt-svg-icon-list-item-0 kt-svg-icon-list-level-0\"><div style=\"display:inline-flex;justify-content:center;align-items:center\" class=\"kt-svg-icon-list-single kt-svg-icon-list-single-ic_check\"><svg style=\"display:inline-block;vertical-align:middle\" viewBox=\"0 0 8 8\" height=\"20\" width=\"20\" fill=\"currentColor\" xmlns=\"http:\/\/www.w3.org\/2000\/svg\" aria-hidden=\"true\"><path d=\"M6.41 0l-.69.72-2.78 2.78-.81-.78-.72-.72-1.41 1.41.72.72 1.5 1.5.69.72.72-.72 3.5-3.5.72-.72-1.44-1.41z\" transform=\"translate(0 1)\"><\/path><\/svg><\/div><span class=\"kt-svg-icon-list-text\">ASPIM (Cabinet\/Lobby dans l&#8217;immobilier)<\/span><\/li><li class=\"kt-svg-icon-list-style-default kt-svg-icon-list-item-wrap kt-svg-icon-list-item-1 kt-svg-icon-list-level-0\"><div style=\"display:inline-flex;justify-content:center;align-items:center\" class=\"kt-svg-icon-list-single kt-svg-icon-list-single-ic_check\"><svg style=\"display:inline-block;vertical-align:middle\" viewBox=\"0 0 8 8\" height=\"20\" width=\"20\" fill=\"currentColor\" xmlns=\"http:\/\/www.w3.org\/2000\/svg\" aria-hidden=\"true\"><path d=\"M6.41 0l-.69.72-2.78 2.78-.81-.78-.72-.72-1.41 1.41.72.72 1.5 1.5.69.72.72-.72 3.5-3.5.72-.72-1.44-1.41z\" transform=\"translate(0 1)\"><\/path><\/svg><\/div><span class=\"kt-svg-icon-list-text\">Conseil G\u00e9n\u00e9ral Seine-et-Marne (77)<\/span><\/li><li class=\"kt-svg-icon-list-style-default kt-svg-icon-list-item-wrap kt-svg-icon-list-item-2 kt-svg-icon-list-level-0\"><div style=\"display:inline-flex;justify-content:center;align-items:center\" class=\"kt-svg-icon-list-single kt-svg-icon-list-single-ic_check\"><svg style=\"display:inline-block;vertical-align:middle\" viewBox=\"0 0 8 8\" height=\"20\" width=\"20\" fill=\"currentColor\" xmlns=\"http:\/\/www.w3.org\/2000\/svg\" aria-hidden=\"true\"><path d=\"M6.41 0l-.69.72-2.78 2.78-.81-.78-.72-.72-1.41 1.41.72.72 1.5 1.5.69.72.72-.72 3.5-3.5.72-.72-1.44-1.41z\" transform=\"translate(0 1)\"><\/path><\/svg><\/div><span class=\"kt-svg-icon-list-text\">D\u00e9fenseur des droits<\/span><\/li><li class=\"kt-svg-icon-list-style-default kt-svg-icon-list-item-wrap kt-svg-icon-list-item-3 kt-svg-icon-list-level-0\"><div style=\"display:inline-flex;justify-content:center;align-items:center\" class=\"kt-svg-icon-list-single kt-svg-icon-list-single-ic_check\"><svg style=\"display:inline-block;vertical-align:middle\" viewBox=\"0 0 8 8\" height=\"20\" width=\"20\" fill=\"currentColor\" xmlns=\"http:\/\/www.w3.org\/2000\/svg\" aria-hidden=\"true\"><path d=\"M6.41 0l-.69.72-2.78 2.78-.81-.78-.72-.72-1.41 1.41.72.72 1.5 1.5.69.72.72-.72 3.5-3.5.72-.72-1.44-1.41z\" transform=\"translate(0 1)\"><\/path><\/svg><\/div><span class=\"kt-svg-icon-list-text\">Inserm<\/span><\/li><li class=\"kt-svg-icon-list-style-default kt-svg-icon-list-item-wrap kt-svg-icon-list-item-4 kt-svg-icon-list-level-0\"><div style=\"display:inline-flex;justify-content:center;align-items:center\" class=\"kt-svg-icon-list-single kt-svg-icon-list-single-ic_check\"><svg style=\"display:inline-block;vertical-align:middle\" viewBox=\"0 0 8 8\" height=\"20\" width=\"20\" fill=\"currentColor\" xmlns=\"http:\/\/www.w3.org\/2000\/svg\" aria-hidden=\"true\"><path d=\"M6.41 0l-.69.72-2.78 2.78-.81-.78-.72-.72-1.41 1.41.72.72 1.5 1.5.69.72.72-.72 3.5-3.5.72-.72-1.44-1.41z\" transform=\"translate(0 1)\"><\/path><\/svg><\/div><span class=\"kt-svg-icon-list-text\">Ipsos<\/span><\/li><li class=\"kt-svg-icon-list-style-default kt-svg-icon-list-item-wrap kt-svg-icon-list-item-5 kt-svg-icon-list-level-0\"><div style=\"display:inline-flex;justify-content:center;align-items:center\" class=\"kt-svg-icon-list-single kt-svg-icon-list-single-ic_check\"><svg style=\"display:inline-block;vertical-align:middle\" viewBox=\"0 0 8 8\" height=\"20\" width=\"20\" fill=\"currentColor\" xmlns=\"http:\/\/www.w3.org\/2000\/svg\" aria-hidden=\"true\"><path d=\"M6.41 0l-.69.72-2.78 2.78-.81-.78-.72-.72-1.41 1.41.72.72 1.5 1.5.69.72.72-.72 3.5-3.5.72-.72-1.44-1.41z\" transform=\"translate(0 1)\"><\/path><\/svg><\/div><span class=\"kt-svg-icon-list-text\">M\u00e9diam\u00e9trie<\/span><\/li><\/ul><\/div>\n<\/div>\n\n\n\n<div class=\"is-layout-flow wp-block-column\">\n<div class=\"wp-block-kadence-iconlist kt-svg-icon-list-items kt-svg-icon-list-items_9a0b93-db kt-svg-icon-list-columns-1 alignnone\"><ul class=\"kt-svg-icon-list\"><li class=\"kt-svg-icon-list-style-default kt-svg-icon-list-item-wrap kt-svg-icon-list-item-0 kt-svg-icon-list-level-0\"><div style=\"display:inline-flex;justify-content:center;align-items:center\" class=\"kt-svg-icon-list-single kt-svg-icon-list-single-ic_check\"><svg style=\"display:inline-block;vertical-align:middle\" viewBox=\"0 0 8 8\" height=\"20\" width=\"20\" fill=\"currentColor\" xmlns=\"http:\/\/www.w3.org\/2000\/svg\" aria-hidden=\"true\"><path d=\"M6.41 0l-.69.72-2.78 2.78-.81-.78-.72-.72-1.41 1.41.72.72 1.5 1.5.69.72.72-.72 3.5-3.5.72-.72-1.44-1.41z\" transform=\"translate(0 1)\"><\/path><\/svg><\/div><span class=\"kt-svg-icon-list-text\">Observatoire Samu Social<\/span><\/li><li class=\"kt-svg-icon-list-style-default kt-svg-icon-list-item-wrap kt-svg-icon-list-item-1 kt-svg-icon-list-level-0\"><div style=\"display:inline-flex;justify-content:center;align-items:center\" class=\"kt-svg-icon-list-single kt-svg-icon-list-single-ic_check\"><svg style=\"display:inline-block;vertical-align:middle\" viewBox=\"0 0 8 8\" height=\"20\" width=\"20\" fill=\"currentColor\" xmlns=\"http:\/\/www.w3.org\/2000\/svg\" aria-hidden=\"true\"><path d=\"M6.41 0l-.69.72-2.78 2.78-.81-.78-.72-.72-1.41 1.41.72.72 1.5 1.5.69.72.72-.72 3.5-3.5.72-.72-1.44-1.41z\" transform=\"translate(0 1)\"><\/path><\/svg><\/div><span class=\"kt-svg-icon-list-text\">Orange<\/span><\/li><li class=\"kt-svg-icon-list-style-default kt-svg-icon-list-item-wrap kt-svg-icon-list-item-2 kt-svg-icon-list-level-0\"><div style=\"display:inline-flex;justify-content:center;align-items:center\" class=\"kt-svg-icon-list-single kt-svg-icon-list-single-ic_check\"><svg style=\"display:inline-block;vertical-align:middle\" viewBox=\"0 0 8 8\" height=\"20\" width=\"20\" fill=\"currentColor\" xmlns=\"http:\/\/www.w3.org\/2000\/svg\" aria-hidden=\"true\"><path d=\"M6.41 0l-.69.72-2.78 2.78-.81-.78-.72-.72-1.41 1.41.72.72 1.5 1.5.69.72.72-.72 3.5-3.5.72-.72-1.44-1.41z\" transform=\"translate(0 1)\"><\/path><\/svg><\/div><span class=\"kt-svg-icon-list-text\">Orange Lab<\/span><\/li><li class=\"kt-svg-icon-list-style-default kt-svg-icon-list-item-wrap kt-svg-icon-list-item-3 kt-svg-icon-list-level-0\"><div style=\"display:inline-flex;justify-content:center;align-items:center\" class=\"kt-svg-icon-list-single kt-svg-icon-list-single-ic_check\"><svg style=\"display:inline-block;vertical-align:middle\" viewBox=\"0 0 8 8\" height=\"20\" width=\"20\" fill=\"currentColor\" xmlns=\"http:\/\/www.w3.org\/2000\/svg\" aria-hidden=\"true\"><path d=\"M6.41 0l-.69.72-2.78 2.78-.81-.78-.72-.72-1.41 1.41.72.72 1.5 1.5.69.72.72-.72 3.5-3.5.72-.72-1.44-1.41z\" transform=\"translate(0 1)\"><\/path><\/svg><\/div><span class=\"kt-svg-icon-list-text\">Sant\u00e9 publique France<\/span><\/li><li class=\"kt-svg-icon-list-style-default kt-svg-icon-list-item-wrap kt-svg-icon-list-item-4 kt-svg-icon-list-level-0\"><div style=\"display:inline-flex;justify-content:center;align-items:center\" class=\"kt-svg-icon-list-single kt-svg-icon-list-single-ic_check\"><svg style=\"display:inline-block;vertical-align:middle\" viewBox=\"0 0 8 8\" height=\"20\" width=\"20\" fill=\"currentColor\" xmlns=\"http:\/\/www.w3.org\/2000\/svg\" aria-hidden=\"true\"><path d=\"M6.41 0l-.69.72-2.78 2.78-.81-.78-.72-.72-1.41 1.41.72.72 1.5 1.5.69.72.72-.72 3.5-3.5.72-.72-1.44-1.41z\" transform=\"translate(0 1)\"><\/path><\/svg><\/div><span class=\"kt-svg-icon-list-text\">Sol en Si<\/span><\/li><\/ul><\/div>\n<\/div>\n<\/div>\n\n\n\n<p><span style=\"color: #000000;\">&nbsp;<\/span><\/p>\n","protected":false},"excerpt":{"rendered":"<p>Un parcours professionnalisant Une formation en alternance offre la possibilit\u00e9 aux \u00e9tudiant\u00b7es de signer des contrats d\u2019alternance avec des entreprises priv\u00e9es, des associations ou des organismes publics. Ils et elles sont int\u00e9gr\u00e9\u00b7es \u00e0 l\u2019entreprise pour l\u2019ensemble de l\u2019ann\u00e9e, tout en ayant la garantie de pouvoir suivre des enseignements universitaires, et per\u00e7oivent un salaire \u00e9quivalent \u00e0&#8230;<\/p>\n","protected":false},"author":5,"featured_media":0,"parent":1826,"menu_order":30,"comment_status":"closed","ping_status":"closed","template":"","meta":{"_kad_blocks_custom_css":"","_kad_blocks_head_custom_js":"","_kad_blocks_body_custom_js":"","_kad_blocks_footer_custom_js":"","_kad_post_transparent":"","_kad_post_title":"hide","_kad_post_layout":"normal","_kad_post_sidebar_id":"","_kad_post_content_style":"","_kad_post_vertical_padding":"","_kad_post_feature":"","_kad_post_feature_position":"","_kad_post_header":false,"_kad_post_footer":false},"featured_image_src_large":false,"author_info":{"display_name":"Aur\u00e9lien Dasr\u00e9","author_link":"https:\/\/demographie.parisnanterre.fr\/staging\/author\/aurelien-dasre\/"},"comment_info":3,"taxonomy_info":[],"_links":{"self":[{"href":"https:\/\/demographie.parisnanterre.fr\/staging\/wp-json\/wp\/v2\/pages\/133"}],"collection":[{"href":"https:\/\/demographie.parisnanterre.fr\/staging\/wp-json\/wp\/v2\/pages"}],"about":[{"href":"https:\/\/demographie.parisnanterre.fr\/staging\/wp-json\/wp\/v2\/types\/page"}],"author":[{"embeddable":true,"href":"https:\/\/demographie.parisnanterre.fr\/staging\/wp-json\/wp\/v2\/users\/5"}],"replies":[{"embeddable":true,"href":"https:\/\/demographie.parisnanterre.fr\/staging\/wp-json\/wp\/v2\/comments?post=133"}],"version-history":[{"count":67,"href":"https:\/\/demographie.parisnanterre.fr\/staging\/wp-json\/wp\/v2\/pages\/133\/revisions"}],"predecessor-version":[{"id":2360,"href":"https:\/\/demographie.parisnanterre.fr\/staging\/wp-json\/wp\/v2\/pages\/133\/revisions\/2360"}],"up":[{"embeddable":true,"href":"https:\/\/demographie.parisnanterre.fr\/staging\/wp-json\/wp\/v2\/pages\/1826"}],"wp:attachment":[{"href":"https:\/\/demographie.parisnanterre.fr\/staging\/wp-json\/wp\/v2\/media?parent=133"}],"curies":[{"name":"wp","href":"https:\/\/api.w.org\/{rel}","templated":true}]}}